{"id":30,"date":"2014-05-31T09:58:06","date_gmt":"2014-05-31T09:58:06","guid":{"rendered":"http:\/\/ttvjockgrim.de\/?page_id=30"},"modified":"2024-09-23T21:31:04","modified_gmt":"2024-09-23T19:31:04","slug":"vorstand","status":"publish","type":"page","link":"https:\/\/ttv-jockgrim.de\/?page_id=30","title":{"rendered":"Vorstand"},"content":{"rendered":"<h1>1. Vorsitzender<\/h1>\n<div>Willibert L\u00fcdtke<\/div>\n<div>Brahmsstra\u00dfe 6<\/div>\n<div>76751 Jockgrim<\/div>\n<div>Telefon: +49727151266<\/div>\n<h1>2. Vorsitzender<\/h1>\n<p>Sylvia Vanderheiden-Schroen<\/p>\n<h1>Kassenwart<\/h1>\n<p>Patrick Schlo\u00df<\/p>\n<h1>Schriftf\u00fchrer<\/h1>\n<p>Roswitha W\u00e4rther<\/p>\n<h1>Sportwart<\/h1>\n<p>Monika Herold<\/p>\n<h1>Jugendwart<\/h1>\n<p>Sebastian L\u00fcdtke<\/p>\n<h1>\u00a0Pressewart<\/h1>\n<p>Sylvia Vanderheiden-Schroen<\/p>\n<h1>Ger\u00e4tewart<\/h1>\n<p>Andreas Keiber und R\u00fcdiger Stohner<\/p>\n<h1>Kassenpr\u00fcfer<\/h1>\n<p>Michael K\u00f6nig und Christian Scherrer<\/p>","protected":false},"excerpt":{"rendered":"<p>1. Vorsitzender Willibert L\u00fcdtke Brahmsstra\u00dfe 6 76751 Jockgrim Telefon: +49727151266 2. Vorsitzender Sylvia Vanderheiden-Schroen Kassenwart Patrick Schlo\u00df Schriftf\u00fchrer Roswitha W\u00e4rther Sportwart Monika Herold Jugendwart Sebastian L\u00fcdtke \u00a0Pressewart Sylvia Vanderheiden-Schroen Ger\u00e4tewart Andreas Keiber und R\u00fcdiger Stohner Kassenpr\u00fcfer Michael K\u00f6nig und Christian Scherrer<\/p>\n","protected":false},"author":2,"featured_media":0,"parent":24,"menu_order":0,"comment_status":"closed","ping_status":"closed","template":"","meta":{"footnotes":""},"class_list":["post-30","page","type-page","status-publish","hentry"],"_links":{"self":[{"href":"https:\/\/ttv-jockgrim.de\/index.php?rest_route=\/wp\/v2\/pages\/30","targetHints":{"allow":["GET"]}}],"collection":[{"href":"https:\/\/ttv-jockgrim.de\/index.php?rest_route=\/wp\/v2\/pages"}],"about":[{"href":"https:\/\/ttv-jockgrim.de\/index.php?rest_route=\/wp\/v2\/types\/page"}],"author":[{"embeddable":true,"href":"https:\/\/ttv-jockgrim.de\/index.php?rest_route=\/wp\/v2\/users\/2"}],"replies":[{"embeddable":true,"href":"https:\/\/ttv-jockgrim.de\/index.php?rest_route=%2Fwp%2Fv2%2Fcomments&post=30"}],"version-history":[{"count":8,"href":"https:\/\/ttv-jockgrim.de\/index.php?rest_route=\/wp\/v2\/pages\/30\/revisions"}],"predecessor-version":[{"id":1140,"href":"https:\/\/ttv-jockgrim.de\/index.php?rest_route=\/wp\/v2\/pages\/30\/revisions\/1140"}],"up":[{"embeddable":true,"href":"https:\/\/ttv-jockgrim.de\/index.php?rest_route=\/wp\/v2\/pages\/24"}],"wp:attachment":[{"href":"https:\/\/ttv-jockgrim.de\/index.php?rest_route=%2Fwp%2Fv2%2Fmedia&parent=30"}],"curies":[{"name":"wp","href":"https:\/\/api.w.org\/{rel}","templated":true}]}}