{"id":27,"date":"2014-05-31T09:57:28","date_gmt":"2014-05-31T07:57:28","guid":{"rendered":"http:\/\/ttvjockgrim.de\/?page_id=27"},"modified":"2018-06-11T19:29:01","modified_gmt":"2018-06-11T17:29:01","slug":"impressum","status":"publish","type":"page","link":"https:\/\/ttv-jockgrim.de\/?page_id=27","title":{"rendered":"Impressum"},"content":{"rendered":"<div id=\"cc-m-8563675599\">\n<h1 id=\"cc-m-header-8563675599\">Angaben gem. \u00a75 TMG<\/h1>\n<\/div>\n<div id=\"cc-m-7905886399\">TTV R\u00f6merbad Jockgrim e.V.<\/div>\n<div>Brahmsstra\u00dfe 6<\/div>\n<div>76751 Jockgrim<\/div>\n<div>Telefonnummer: +49727151266<\/div>\n<div>E-mail:\u00a0<a href=\"mailto:&#x74;&#x74;&#x76;&#x72;&#x6a;&#x6f;&#x40;&#x70;&#x65;&#x64;&#x69;&#x6c;&#x6c;&#x69;&#x2e;&#x64;&#x65;\">&#x74;&#x74;&#x76;&#x72;&#x6a;&#x6f;&#x40;<span class=\"oe_displaynone\">null<\/span>&#x70;&#x65;&#x64;&#x69;&#x6c;&#x6c;&#x69;&#x2e;&#x64;&#x65;<\/a><\/div>\n<p>&nbsp;<\/p>\n<p>Vorsitzender ist Willibert L\u00fcdtke, Adresse siehe oben.<\/p>\n<div>\n<p>Der TTV R\u00f6mberbad Jockgrim e.V. ist beim Amtsgericht Landau\/Pfalz unter der\u00a0Vereinsregisternummer 101 eingetragen.<\/p>\n<div>Der TTV R\u00f6merbad ist Kleinunternehmen i.S. des \u00a7 19 UStG und besitzt deshalb keine Umsatzsteuer-<wbr \/>Identifikationsnummer<\/div>\n<div>gem\u00e4\u00df \u00a7 27a UStG. Er ist Mitglied im Pf\u00e4lzischen Tischtennisverband (PTTV) und\u00a0dem Sportbund Pfalz angeschlossen.<\/div>\n<\/div>\n<h2>Zust\u00e4ndigkeit<\/h2>\n<p>Verantwortlich f\u00fcr den Inhalt dieser Internetseite sind <a title=\"Kontakt zu Michael K\u00f6nig\" href=\"http:\/\/ttvjockgrim.de\/?page_id=133\">Michael K\u00f6nig<\/a> und <a title=\"Kontakt zu Christian Scherrer\" href=\"http:\/\/ttvjockgrim.de\/?page_id=135\">Christian Scherrer<\/a>.<\/p>\n<h2>Disclaimer<\/h2>\n<p>F\u00fcr die Richtigkeit und Aktualit\u00e4t aller gemachten Angaben k\u00f6nnen wir nicht garantieren.<\/p>\n<p>F\u00fcr Inhalte und Aktualit\u00e4t verlinkter Seiten sind deren Betreiber verantwortlich.<\/p>\n<p>Da auf dieser Seite Fotos von \u00f6ffentlichen Ereignissen zu finden sind und wir nicht jede Person einzeln befragen konnten, ob es in Ordnung ist, dass wir sie hier abbilden, bitten wir Sie, uns Bescheid zu geben, falls das nicht gew\u00fcnscht ist.<\/p>","protected":false},"excerpt":{"rendered":"<p>Angaben gem. \u00a75 TMG TTV R\u00f6merbad Jockgrim e.V. Brahmsstra\u00dfe 6 76751 Jockgrim Telefonnummer: +49727151266 E-mail:\u00a0&#x74;&#x74;&#x76;&#x72;&#x6a;&#x6f;&#x40;null&#x70;&#x65;&#x64;&#x69;&#x6c;&#x6c;&#x69;&#x2e;&#x64;&#x65; &nbsp; Vorsitzender ist Willibert L\u00fcdtke, Adresse siehe oben. Der TTV R\u00f6mberbad Jockgrim e.V. ist beim Amtsgericht Landau\/Pfalz unter der\u00a0Vereinsregisternummer 101 eingetragen. Der TTV R\u00f6merbad ist Kleinunternehmen i.S. des \u00a7 19 UStG und besitzt deshalb keine Umsatzsteuer-Identifikationsnummer gem\u00e4\u00df \u00a7 27a UStG. &hellip; <\/p>\n<p class=\"link-more\"><a href=\"https:\/\/ttv-jockgrim.de\/?page_id=27\" class=\"more-link\"><span class=\"screen-reader-text\">\u201eImpressum\u201c<\/span> weiterlesen<\/a><\/p>\n","protected":false},"author":2,"featured_media":0,"parent":0,"menu_order":6,"comment_status":"closed","ping_status":"closed","template":"","meta":{"footnotes":""},"class_list":["post-27","page","type-page","status-publish","hentry"],"_links":{"self":[{"href":"https:\/\/ttv-jockgrim.de\/index.php?rest_route=\/wp\/v2\/pages\/27","targetHints":{"allow":["GET"]}}],"collection":[{"href":"https:\/\/ttv-jockgrim.de\/index.php?rest_route=\/wp\/v2\/pages"}],"about":[{"href":"https:\/\/ttv-jockgrim.de\/index.php?rest_route=\/wp\/v2\/types\/page"}],"author":[{"embeddable":true,"href":"https:\/\/ttv-jockgrim.de\/index.php?rest_route=\/wp\/v2\/users\/2"}],"replies":[{"embeddable":true,"href":"https:\/\/ttv-jockgrim.de\/index.php?rest_route=%2Fwp%2Fv2%2Fcomments&post=27"}],"version-history":[{"count":10,"href":"https:\/\/ttv-jockgrim.de\/index.php?rest_route=\/wp\/v2\/pages\/27\/revisions"}],"predecessor-version":[{"id":850,"href":"https:\/\/ttv-jockgrim.de\/index.php?rest_route=\/wp\/v2\/pages\/27\/revisions\/850"}],"wp:attachment":[{"href":"https:\/\/ttv-jockgrim.de\/index.php?rest_route=%2Fwp%2Fv2%2Fmedia&parent=27"}],"curies":[{"name":"wp","href":"https:\/\/api.w.org\/{rel}","templated":true}]}}