{"id":17,"date":"2014-05-31T09:56:48","date_gmt":"2014-05-31T09:56:48","guid":{"rendered":"http:\/\/ttvjockgrim.de\/?page_id=17"},"modified":"2024-09-23T21:28:24","modified_gmt":"2024-09-23T19:28:24","slug":"herren-2","status":"publish","type":"page","link":"https:\/\/ttv-jockgrim.de\/?page_id=17","title":{"rendered":"Herren 2"},"content":{"rendered":"<ol>\n<li>Schlo\u00df, Patrick<\/li>\n<li>Siering, Dirk<\/li>\n<li>Keiber, Andreas<\/li>\n<li>Vanderheiden-Schroen, Sylvia<\/li>\n<li>L\u00fcdtke, Willibert<\/li>\n<li>B\u00fchringer, Hannah<\/li>\n<li>Kuhn, Niklas<\/li>\n<li>Herold, Monika<\/li>\n<li>Stohner, R\u00fcdiger<\/li>\n<li>Dr. Gebhart, Thomas<\/li>\n<li>Schlo\u00df, Walter<\/li>\n<li>Goldate, Markus<\/li>\n<li>Reil, Eric<\/li>\n<li>Hoffmann, Nils<\/li>\n<\/ol>\n<p><a style=\"font-size: 1rem;\" href=\"https:\/\/www.mytischtennis.de\/clicktt\/PTTV\/24-25\/ligen\/Kreisklasse-A-Sued-Ost\/gruppe\/470115\/tabelle\/gesamt\">Hier geht es zur aktuellen Tabelle!<\/a><\/p>\n\n\n<p><\/p>","protected":false},"excerpt":{"rendered":"<p>Schlo\u00df, Patrick Siering, Dirk Keiber, Andreas Vanderheiden-Schroen, Sylvia L\u00fcdtke, Willibert B\u00fchringer, Hannah Kuhn, Niklas Herold, Monika Stohner, R\u00fcdiger Dr. Gebhart, Thomas Schlo\u00df, Walter Goldate, Markus Reil, Eric Hoffmann, Nils Hier geht es zur aktuellen Tabelle!<\/p>\n","protected":false},"author":1,"featured_media":0,"parent":6,"menu_order":4,"comment_status":"closed","ping_status":"closed","template":"","meta":{"footnotes":""},"class_list":["post-17","page","type-page","status-publish","hentry"],"_links":{"self":[{"href":"https:\/\/ttv-jockgrim.de\/index.php?rest_route=\/wp\/v2\/pages\/17","targetHints":{"allow":["GET"]}}],"collection":[{"href":"https:\/\/ttv-jockgrim.de\/index.php?rest_route=\/wp\/v2\/pages"}],"about":[{"href":"https:\/\/ttv-jockgrim.de\/index.php?rest_route=\/wp\/v2\/types\/page"}],"author":[{"embeddable":true,"href":"https:\/\/ttv-jockgrim.de\/index.php?rest_route=\/wp\/v2\/users\/1"}],"replies":[{"embeddable":true,"href":"https:\/\/ttv-jockgrim.de\/index.php?rest_route=%2Fwp%2Fv2%2Fcomments&post=17"}],"version-history":[{"count":20,"href":"https:\/\/ttv-jockgrim.de\/index.php?rest_route=\/wp\/v2\/pages\/17\/revisions"}],"predecessor-version":[{"id":1139,"href":"https:\/\/ttv-jockgrim.de\/index.php?rest_route=\/wp\/v2\/pages\/17\/revisions\/1139"}],"up":[{"embeddable":true,"href":"https:\/\/ttv-jockgrim.de\/index.php?rest_route=\/wp\/v2\/pages\/6"}],"wp:attachment":[{"href":"https:\/\/ttv-jockgrim.de\/index.php?rest_route=%2Fwp%2Fv2%2Fmedia&parent=17"}],"curies":[{"name":"wp","href":"https:\/\/api.w.org\/{rel}","templated":true}]}}