{"id":148,"date":"2014-05-31T16:26:36","date_gmt":"2014-05-31T14:26:36","guid":{"rendered":"http:\/\/ttvjockgrim.de\/?page_id=148"},"modified":"2025-07-28T22:57:59","modified_gmt":"2025-07-28T20:57:59","slug":"spielstaetten","status":"publish","type":"page","link":"https:\/\/ttv-jockgrim.de\/?page_id=148","title":{"rendered":"Spielst\u00e4tten"},"content":{"rendered":"<h1>Allgemeines<\/h1>\n<p>Grunds\u00e4tzlich verf\u00fcgen wir \u00fcber zwei Spiellokale.<\/p>\n<p>Sowohl die Spiele der Aktiven als auch die Spiele der Sch\u00fcler und Jugend finden in aller Regel in der Halle der Grundschule Jockgrim statt. Die Spiele unserer Seniorinnen hingegen finden in aller Regel in der Halle der IGS Rheinzabern statt. Mehr Informationen \u00fcber den Austragungsort im Einzelfall gibt es \u00fcber die Links, die bei der Vorstellung unserer Mannschaften zur Tabelle bzw. zum Spielplan f\u00fchren.<\/p>\n<h1>Grundschule Jockgrim<\/h1>\n<p>Adresse: Lina Sommer Schule, Schelmenwaldstra\u00dfe, 76751 Jockgrim<\/p>\n<h1>IGS Rheinzabern<\/h1>\n<p>Adresse: IGS, Jockgrimer Stra\u00dfe, 76764 Rheinzabern<\/p>","protected":false},"excerpt":{"rendered":"<p>Allgemeines Grunds\u00e4tzlich verf\u00fcgen wir \u00fcber zwei Spiellokale. Sowohl die Spiele der Aktiven als auch die Spiele der Sch\u00fcler und Jugend finden in aller Regel in der Halle der Grundschule Jockgrim statt. Die Spiele unserer Seniorinnen hingegen finden in aller Regel in der Halle der IGS Rheinzabern statt. Mehr Informationen \u00fcber den Austragungsort im Einzelfall gibt &hellip; <\/p>\n<p class=\"link-more\"><a href=\"https:\/\/ttv-jockgrim.de\/?page_id=148\" class=\"more-link\"><span class=\"screen-reader-text\">\u201eSpielst\u00e4tten\u201c<\/span> weiterlesen<\/a><\/p>\n","protected":false},"author":2,"featured_media":0,"parent":24,"menu_order":4,"comment_status":"closed","ping_status":"closed","template":"","meta":{"footnotes":""},"class_list":["post-148","page","type-page","status-publish","hentry"],"_links":{"self":[{"href":"https:\/\/ttv-jockgrim.de\/index.php?rest_route=\/wp\/v2\/pages\/148","targetHints":{"allow":["GET"]}}],"collection":[{"href":"https:\/\/ttv-jockgrim.de\/index.php?rest_route=\/wp\/v2\/pages"}],"about":[{"href":"https:\/\/ttv-jockgrim.de\/index.php?rest_route=\/wp\/v2\/types\/page"}],"author":[{"embeddable":true,"href":"https:\/\/ttv-jockgrim.de\/index.php?rest_route=\/wp\/v2\/users\/2"}],"replies":[{"embeddable":true,"href":"https:\/\/ttv-jockgrim.de\/index.php?rest_route=%2Fwp%2Fv2%2Fcomments&post=148"}],"version-history":[{"count":12,"href":"https:\/\/ttv-jockgrim.de\/index.php?rest_route=\/wp\/v2\/pages\/148\/revisions"}],"predecessor-version":[{"id":1158,"href":"https:\/\/ttv-jockgrim.de\/index.php?rest_route=\/wp\/v2\/pages\/148\/revisions\/1158"}],"up":[{"embeddable":true,"href":"https:\/\/ttv-jockgrim.de\/index.php?rest_route=\/wp\/v2\/pages\/24"}],"wp:attachment":[{"href":"https:\/\/ttv-jockgrim.de\/index.php?rest_route=%2Fwp%2Fv2%2Fmedia&parent=148"}],"curies":[{"name":"wp","href":"https:\/\/api.w.org\/{rel}","templated":true}]}}