{"id":13,"date":"2014-05-31T09:55:22","date_gmt":"2014-05-31T09:55:22","guid":{"rendered":"http:\/\/ttvjockgrim.de\/?page_id=13"},"modified":"2024-09-22T17:24:17","modified_gmt":"2024-09-22T15:24:17","slug":"herren-1","status":"publish","type":"page","link":"https:\/\/ttv-jockgrim.de\/?page_id=13","title":{"rendered":"Herren 1"},"content":{"rendered":"<ol>\n<li>Welzenbach, Martin<\/li>\n<li>L\u00fcdtke, Sebastian<\/li>\n<li>K\u00f6nig, Michael<\/li>\n<li>Scherrer, Christian<\/li>\n<li>W\u00e4rther, Rosi<\/li>\n<li>Gebhart, Markus<\/li>\n<li>Marz, Philipp<\/li>\n<li>Wambsgan\u00df, Bernd<\/li>\n<li>B\u00fchringer, David<\/li>\n<\/ol>\n<p><a style=\"font-size: 1rem;\" href=\"https:\/\/www.mytischtennis.de\/clicktt\/PTTV\/24-25\/ligen\/Bezirksklasse-Sued-\/gruppe\/470145\/tabelle\/gesamt\">Hier geht es zur aktuellen Tabelle!<\/a><\/p>","protected":false},"excerpt":{"rendered":"<p>Welzenbach, Martin L\u00fcdtke, Sebastian K\u00f6nig, Michael Scherrer, Christian W\u00e4rther, Rosi Gebhart, Markus Marz, Philipp Wambsgan\u00df, Bernd B\u00fchringer, David Hier geht es zur aktuellen Tabelle!<\/p>\n","protected":false},"author":1,"featured_media":0,"parent":6,"menu_order":3,"comment_status":"closed","ping_status":"closed","template":"","meta":{"footnotes":""},"class_list":["post-13","page","type-page","status-publish","hentry"],"_links":{"self":[{"href":"https:\/\/ttv-jockgrim.de\/index.php?rest_route=\/wp\/v2\/pages\/13","targetHints":{"allow":["GET"]}}],"collection":[{"href":"https:\/\/ttv-jockgrim.de\/index.php?rest_route=\/wp\/v2\/pages"}],"about":[{"href":"https:\/\/ttv-jockgrim.de\/index.php?rest_route=\/wp\/v2\/types\/page"}],"author":[{"embeddable":true,"href":"https:\/\/ttv-jockgrim.de\/index.php?rest_route=\/wp\/v2\/users\/1"}],"replies":[{"embeddable":true,"href":"https:\/\/ttv-jockgrim.de\/index.php?rest_route=%2Fwp%2Fv2%2Fcomments&post=13"}],"version-history":[{"count":31,"href":"https:\/\/ttv-jockgrim.de\/index.php?rest_route=\/wp\/v2\/pages\/13\/revisions"}],"predecessor-version":[{"id":1137,"href":"https:\/\/ttv-jockgrim.de\/index.php?rest_route=\/wp\/v2\/pages\/13\/revisions\/1137"}],"up":[{"embeddable":true,"href":"https:\/\/ttv-jockgrim.de\/index.php?rest_route=\/wp\/v2\/pages\/6"}],"wp:attachment":[{"href":"https:\/\/ttv-jockgrim.de\/index.php?rest_route=%2Fwp%2Fv2%2Fmedia&parent=13"}],"curies":[{"name":"wp","href":"https:\/\/api.w.org\/{rel}","templated":true}]}}